{"id":11138,"date":"2020-09-23T21:57:33","date_gmt":"2020-09-23T19:57:33","guid":{"rendered":"https:\/\/www.fass-berlin.de\/startseite\/?page_id=11138"},"modified":"2022-03-04T11:10:34","modified_gmt":"2022-03-04T10:10:34","slug":"schutz-und-hygienekonzept","status":"publish","type":"page","link":"https:\/\/www.fass-berlin.de\/startseite\/regionalliga-ost-2\/schutz-und-hygienekonzept\/","title":{"rendered":"Schutz- und Hygienekonzept"},"content":{"rendered":"<p>Bei Heimspielen von FASS Berlin in der Regionalliga Ost gelten im Erika-He\u00df-Eisstadion die Regelungen unseres Schutz- und Hygienekonzepts. Das Konzept fu\u00dft auf der\u00a0<a href=\"https:\/\/www.berlin.de\/corona\/massnahmen\/verordnung\/#paragraph30\">SARS-CoV-2-Infektionsschutzma\u00dfnahmenverordnung Berlin<\/a>\u00a0und dem <a href=\"https:\/\/www.deb-online.de\/wp-content\/uploads\/2020\/07\/Hygienekonzept-Deutscher-Eishockey-Bund-e.V.-2020_07_23.pdf\">COVID-19 Pandemie Hygienekonzept<\/a> der\u00a0Taskforce Eishockey\u00a0zur R\u00fcckkehr und Wiederaufnahme des Spielbetriebs Eishockey f\u00fcr den Profi-, Breiten- und Nachwuchssport. Unser Schutz- und Hygienekonzept wird fortlaufend weiterentwickelt.<\/p>\n<p>Die Ziele der Vorgaben sind<\/p>\n<ul>\n<li>die Ansteckungsgefahr zu reduzieren,<\/li>\n<li>die Krankheits\u00fcbertragung zu verhindern,<\/li>\n<li>eine effiziente Nachverfolgung der Kontaktpersonen zu gew\u00e4hrleisten und<\/li>\n<li>den Sportbetrieb unter Zuschauerbeteiligung zu erm\u00f6glichen.<\/li>\n<\/ul>\n<p>&nbsp;<\/p>\n<p>Nachfolgend findet ihr die wichtigsten Bestimmungen f\u00fcr unsere Zuschauer. Bitte beachtet die Vorgaben konsequent und leistet den Anweisungen des Ordnungsdienstes Folge.<\/p>\n<ul>\n<li>Ab dem 04.03.2022 ist der Besuch unserer Heimspiele bei <strong>Erf\u00fcllung der 3G-Regel<\/strong> m\u00f6glich.\u00a0Zutritt erhalten Personen, welche einen der folgenden Nachweise erbringen:\n<ul>\n<li><strong>Geimpft<\/strong>: Nachweis einer vollst\u00e4ndigen Covid-19-Impfung (14 Tage vergangen seit der letzten notwendigen Impfung).<\/li>\n<li><strong>Genesen<\/strong>: Nachweis einer Genesung nach einer Covid-19-Erkrankung (positives Testergebnis mindestens 28 Tage alt und nicht \u00e4lter als sechs Monate).<\/li>\n<li><strong>Getestet<\/strong>: Nachweis\u00a0eines negativen POC-Test, der nicht \u00e4lter als 24 Stunden ist, oder\u00a0eines PCR-Tests, der nicht \u00e4lter als 48 Stunden ist. Gleiches gilt f\u00fcr Sch\u00fclerinnen und Sch\u00fcler, die den Schultests unterliegen.<\/li>\n<\/ul>\n<\/li>\n<li>\n<div class=\"\">Der Zugang erfolgt ausschlie\u00dflich \u00fcber den Eingang am Kassenh\u00e4uschen. Dort erwerben die Besucher ihre Tagestickets oder erhalten ggf. ihre Freitickets.<\/div>\n<\/li>\n<li>\n<div class=\"\">Corona-Kontaktinformationen werden nicht mehr erfasst, weder elektronisch, noch auf Papier.<\/div>\n<\/li>\n<li>\n<div class=\"\">Im Stadion herrschen Maskenpflicht und Sitzplatzpflicht. Vorgeschrieben sind FFP2-Masken (auch am Platz), sofern keine der Ausnahmen gem\u00e4\u00df der Verordnung gelten (gesundheitliche Gr\u00fcnde, Kinder bis 14 Jahre).<\/div>\n<\/li>\n<li>\n<div class=\"\">Nicht alle Sitzpl\u00e4tze d\u00fcrfen besetzt werden. Die Stadionverwaltung macht die gesperrten Sitze kenntlich.<\/div>\n<\/li>\n<li>\n<div class=\"\">Aktuell k\u00f6nnen 150 Zuschauerinnen und Zuschauer zugelassen werden.<\/div>\n<\/li>\n<li>\n<div class=\"\">Es gibt keine Stehpl\u00e4tze. Die Stehplatztrib\u00fcnen sind gesperrt. Auch hinter den Sitzplatztrib\u00fcnen darf nicht gestanden werden. Ausnahmen sind Rollstuhlfahrer mit Begleitung sowie Fotografen.<\/div>\n<\/li>\n<li>\n<div class=\"\">Beide Trib\u00fcnenseiten k\u00f6nnen genutzt werden, auch die Toiletten sind auf beiden Seiten ge\u00f6ffnet.<\/div>\n<\/li>\n<li>Tr\u00f6ten, Vuvuzelas und \u00e4hnliche Ger\u00e4te k\u00f6nnen nicht mit ins Stadion gebracht werden.\u00a0Gemeinsames Singen ist zu unterlassen.<\/li>\n<li>Der VIP-Raum befindet sich in dieser Saison im sogenannten &#8222;Ballettraum&#8220;. Der Zugang ist nur \u00fcber den Seiteneingang m\u00f6glich. Zutritt zum VIP-Raum haben ausschlie\u00dflich Inhaber von <a href=\"https:\/\/www.fass-berlin.de\/startseite\/regionalliga-ost-2\/eintrittspreise\/\">VIP-Saisontickets oder VIP-Tagestickets<\/a>. Zu den Pressekonferenzen nach dem Spiel sind au\u00dferdem alle Inhaber von Saisontickets zugelassen.<\/li>\n<li>Der Sportliche Bereich und der Zuschauerbereich sind im Erika-He\u00df-Eisstadion getrennt. Der Durchgang ist nur wenigen autorisierten Personen gestattet.<\/li>\n<li>Hygienebeauftragte ist Frau Sylvana Hoch.<\/li>\n<\/ul>\n<p>&nbsp;<\/p>\n<p>Stand:<br \/>\n04.03.2022<\/p>\n","protected":false},"excerpt":{"rendered":"<p>Bei Heimspielen von FASS Berlin in der Regionalliga Ost gelten im Erika-He\u00df-Eisstadion die Regelungen unseres Schutz- und Hygienekonzepts. Das Konzept fu\u00dft auf der\u00a0SARS-CoV-2-Infektionsschutzma\u00dfnahmenverordnung Berlin\u00a0und dem COVID-19 Pandemie Hygienekonzept der\u00a0Taskforce Eishockey\u00a0zur R\u00fcckkehr und Wiederaufnahme des Spielbetriebs Eishockey f\u00fcr den Profi-, Breiten- und Nachwuchssport. Unser Schutz- und Hygienekonzept wird fortlaufend weiterentwickelt. Die Ziele der Vorgaben sind die [&hellip;]<\/p>\n","protected":false},"author":4,"featured_media":11195,"parent":5794,"menu_order":0,"comment_status":"closed","ping_status":"closed","template":"","meta":{"_exactmetrics_skip_tracking":false,"_exactmetrics_sitenote_active":false,"_exactmetrics_sitenote_note":"","_exactmetrics_sitenote_category":0,"jetpack_post_was_ever_published":false,"footnotes":""},"class_list":["post-11138","page","type-page","status-publish","has-post-thumbnail","hentry"],"jetpack_sharing_enabled":true,"jetpack_shortlink":"https:\/\/wp.me\/PaiOCx-2TE","jetpack_likes_enabled":true,"jetpack-related-posts":[],"_links":{"self":[{"href":"https:\/\/www.fass-berlin.de\/startseite\/wp-json\/wp\/v2\/pages\/11138","targetHints":{"allow":["GET"]}}],"collection":[{"href":"https:\/\/www.fass-berlin.de\/startseite\/wp-json\/wp\/v2\/pages"}],"about":[{"href":"https:\/\/www.fass-berlin.de\/startseite\/wp-json\/wp\/v2\/types\/page"}],"author":[{"embeddable":true,"href":"https:\/\/www.fass-berlin.de\/startseite\/wp-json\/wp\/v2\/users\/4"}],"replies":[{"embeddable":true,"href":"https:\/\/www.fass-berlin.de\/startseite\/wp-json\/wp\/v2\/comments?post=11138"}],"version-history":[{"count":10,"href":"https:\/\/www.fass-berlin.de\/startseite\/wp-json\/wp\/v2\/pages\/11138\/revisions"}],"predecessor-version":[{"id":19140,"href":"https:\/\/www.fass-berlin.de\/startseite\/wp-json\/wp\/v2\/pages\/11138\/revisions\/19140"}],"up":[{"embeddable":true,"href":"https:\/\/www.fass-berlin.de\/startseite\/wp-json\/wp\/v2\/pages\/5794"}],"wp:featuredmedia":[{"embeddable":true,"href":"https:\/\/www.fass-berlin.de\/startseite\/wp-json\/wp\/v2\/media\/11195"}],"wp:attachment":[{"href":"https:\/\/www.fass-berlin.de\/startseite\/wp-json\/wp\/v2\/media?parent=11138"}],"curies":[{"name":"wp","href":"https:\/\/api.w.org\/{rel}","templated":true}]}}