{"id":2133,"date":"2018-08-15T18:43:59","date_gmt":"2018-08-15T16:43:59","guid":{"rendered":"https:\/\/www.fass-berlin.de\/startseite\/?page_id=2133"},"modified":"2026-03-08T12:20:29","modified_gmt":"2026-03-08T11:20:29","slug":"eintrittspreise","status":"publish","type":"page","link":"https:\/\/www.fass-berlin.de\/startseite\/regionalliga-ost-2\/regionalliga-ost-2025-26\/eintrittspreise\/","title":{"rendered":"Eintrittspreise"},"content":{"rendered":"<div id=\"pl-2133\"  class=\"panel-layout\" ><div id=\"pg-2133-0\"  class=\"panel-grid panel-no-style\" ><div id=\"pgc-2133-0-0\"  class=\"panel-grid-cell\" ><div class=\"sp-widget-align-none\"><div id=\"panel-2133-0-0-0\" class=\"so-panel widget widget_sportspress-event-scoreboard widget_sportspress widget_event_scoreboard widget_sp_event_scoreboard panel-first-child\" data-index=\"0\" ><\/div><\/div><div id=\"panel-2133-0-0-1\" class=\"so-panel widget widget_sow-editor panel-last-child\" data-index=\"1\" ><div\n\t\t\t\n\t\t\tclass=\"so-widget-sow-editor so-widget-sow-editor-base\"\n\t\t\t\n\t\t><h3 class=\"widget-title\">Regionalliga Ost Saison 2025\/26<\/h3>\n<div class=\"siteorigin-widget-tinymce textwidget\">\n\t<p>\n<table id=\"tablepress-13\" class=\"tablepress tablepress-id-13\">\n<thead>\n<tr class=\"row-1\">\n\t<th class=\"column-1\">Ticket<\/th><th class=\"column-2\">Preis<\/th>\n<\/tr>\n<\/thead>\n<tbody class=\"row-striping row-hover\">\n<tr class=\"row-2\">\n\t<td class=\"column-1\">Tagesticket Standard<\/td><td class=\"column-2\">8\u20ac (Pokal &amp; Play-offs: 10\u20ac)<\/td>\n<\/tr>\n<tr class=\"row-3\">\n\t<td class=\"column-1\">Tagesticket VIP<\/td><td class=\"column-2\">24\u20ac (Pokal &amp; Play-offs: 30\u20ac)<\/td>\n<\/tr>\n<tr class=\"row-4\">\n\t<td class=\"column-1\">Saisonticket Standard<\/td><td class=\"column-2\">135\u20ac<\/td>\n<\/tr>\n<tr class=\"row-5\">\n\t<td class=\"column-1\">Saisonticket erm\u00e4\u00dfigt<\/td><td class=\"column-2\">47\u20ac<\/td>\n<\/tr>\n<tr class=\"row-6\">\n\t<td class=\"column-1\">Saisonticket VIP<\/td><td class=\"column-2\">335\u20ac<\/td>\n<\/tr>\n<tr class=\"row-7\">\n\t<td class=\"column-1\">Saisonticket FASS Family<\/td><td class=\"column-2\">47\u20ac<\/td>\n<\/tr>\n<\/tbody>\n<\/table>\n<!-- #tablepress-13 from cache --><small><br \/>\n<\/small><\/p>\n<p>Alle Tickets mit Sitzplatz-Anspruch. F\u00fcr Kinder und Jugendliche bis einschlie\u00dflich 15 Jahren ist der Eintritt frei.<\/p>\n<p>Saisontickets (alle Kategorien) gelten f\u00fcr alle Spiele (Vorbereitung, Hauptrunde, Pokal, Play-offs).<\/p>\n<p>VIP-Tagestickets und VIP-Saisontickets beinhalten den Zugang zum VIP-Raum vor, w\u00e4hrend und nach dem Spiel. Im VIP-Raum stehen Snacks und Getr\u00e4nke bereit (Einschr\u00e4nkungen m\u00f6glich). Au\u00dferdem beinhalten VIP-Tickets auf Wunsch den Zugang zu VIP-Boxen (Voranmeldung 24 Stunden vor Spielbeginn).<\/p>\n<p>Saisontickets Standard beinhalten zwei VIP-Upgrades pro Saison.<\/p>\n<p>Saisontickets erm\u00e4\u00dfigt sind verf\u00fcgbar f\u00fcr Sch\u00fcler*innen, Studierende, Auszubildende und Menschen mit Schwerbehinderung (jeweils mit g\u00fcltigem Nachweis). Erm\u00e4\u00dfigte Tagestickets werden nicht angeboten.<\/p>\n<p>Saisontickets FASS Family k\u00f6nnen von Mitgliedern des F.A.S.S. e.V. sowie von Eltern der Nachwuchsspieler*innen erworben werden.<\/p>\n<p>Bestellung von Saisontickets bei <a href=\"mailto:sylvana.hoch@fass-berlin.de\">sylvana.hoch@fass-berlin.de<\/a>.<\/p>\n<\/div>\n<\/div><\/div><\/div><\/div><\/div>","protected":false},"excerpt":{"rendered":"<p>Alle Tickets mit Sitzplatz-Anspruch. F\u00fcr Kinder und Jugendliche bis einschlie\u00dflich 15 Jahren ist der Eintritt frei. Saisontickets (alle Kategorien) gelten f\u00fcr alle Spiele (Vorbereitung, Hauptrunde, Pokal, Play-offs). VIP-Tagestickets und VIP-Saisontickets beinhalten den Zugang zum VIP-Raum vor, w\u00e4hrend und nach dem Spiel. Im VIP-Raum stehen Snacks und Getr\u00e4nke bereit (Einschr\u00e4nkungen m\u00f6glich). Au\u00dferdem beinhalten VIP-Tickets auf Wunsch [&hellip;]<\/p>\n","protected":false},"author":2,"featured_media":0,"parent":23471,"menu_order":0,"comment_status":"closed","ping_status":"closed","template":"","meta":{"_exactmetrics_skip_tracking":false,"_exactmetrics_sitenote_active":false,"_exactmetrics_sitenote_note":"","_exactmetrics_sitenote_category":0,"jetpack_post_was_ever_published":false,"footnotes":""},"class_list":["post-2133","page","type-page","status-publish","hentry"],"jetpack_sharing_enabled":true,"jetpack_shortlink":"https:\/\/wp.me\/PaiOCx-yp","jetpack_likes_enabled":true,"jetpack-related-posts":[],"_links":{"self":[{"href":"https:\/\/www.fass-berlin.de\/startseite\/wp-json\/wp\/v2\/pages\/2133","targetHints":{"allow":["GET"]}}],"collection":[{"href":"https:\/\/www.fass-berlin.de\/startseite\/wp-json\/wp\/v2\/pages"}],"about":[{"href":"https:\/\/www.fass-berlin.de\/startseite\/wp-json\/wp\/v2\/types\/page"}],"author":[{"embeddable":true,"href":"https:\/\/www.fass-berlin.de\/startseite\/wp-json\/wp\/v2\/users\/2"}],"replies":[{"embeddable":true,"href":"https:\/\/www.fass-berlin.de\/startseite\/wp-json\/wp\/v2\/comments?post=2133"}],"version-history":[{"count":11,"href":"https:\/\/www.fass-berlin.de\/startseite\/wp-json\/wp\/v2\/pages\/2133\/revisions"}],"predecessor-version":[{"id":24458,"href":"https:\/\/www.fass-berlin.de\/startseite\/wp-json\/wp\/v2\/pages\/2133\/revisions\/24458"}],"up":[{"embeddable":true,"href":"https:\/\/www.fass-berlin.de\/startseite\/wp-json\/wp\/v2\/pages\/23471"}],"wp:attachment":[{"href":"https:\/\/www.fass-berlin.de\/startseite\/wp-json\/wp\/v2\/media?parent=2133"}],"curies":[{"name":"wp","href":"https:\/\/api.w.org\/{rel}","templated":true}]}}